{"id":945,"date":"2015-06-02T17:58:58","date_gmt":"2015-06-02T17:58:58","guid":{"rendered":"http:\/\/www.hotelatticochianciano.it\/?page_id=945"},"modified":"2015-06-07T18:57:36","modified_gmt":"2015-06-07T18:57:36","slug":"foto-hotel-chianciano-terme-2","status":"publish","type":"page","link":"https:\/\/www.hotelatticochianciano.it\/de\/foto-hotel-chianciano-terme-2\/","title":{"rendered":"Foto"},"content":{"rendered":"\n<div id=\"rev_slider_23_1_wrapper\" class=\"rev_slider_wrapper fullscreen-container\" style=\"background-color:#E9E9E9;padding:0px;\">\n<!-- START REVOLUTION SLIDER 4.6.3 fullscreen mode -->\n\t<div id=\"rev_slider_23_1\" class=\"rev_slider fullscreenbanner\" style=\"display:none;\">\n<ul>\t<!-- SLIDE  -->\n\t<li data-transition=\"random\" data-slotamount=\"7\" data-thumb=\"https:\/\/www.hotelatticochianciano.it\/wp-content\/uploads\/2017\/10\/DSC4201-320x200.jpg\"  data-saveperformance=\"off\" >\n\t\t<!-- MAIN IMAGE -->\n\t\t<img src=\"https:\/\/www.hotelatticochianciano.it\/wp-content\/uploads\/2017\/10\/DSC4201.jpg\"  alt=\"DSC4201\"  data-bgposition=\"center top\" data-bgfit=\"cover\" data-bgrepeat=\"no-repeat\">\n\t\t<!-- LAYERS -->\n\t<\/li>\n\t<!-- SLIDE  -->\n\t<li data-transition=\"random\" data-slotamount=\"7\" data-thumb=\"https:\/\/www.hotelatticochianciano.it\/wp-content\/uploads\/2017\/10\/DSC4202-320x200.jpg\"  data-saveperformance=\"off\" >\n\t\t<!-- MAIN IMAGE -->\n\t\t<img src=\"https:\/\/www.hotelatticochianciano.it\/wp-content\/uploads\/2017\/10\/DSC4202.jpg\"  alt=\"DSC4202\"  data-bgposition=\"center top\" data-bgfit=\"cover\" data-bgrepeat=\"no-repeat\">\n\t\t<!-- LAYERS -->\n\t<\/li>\n\t<!-- SLIDE  -->\n\t<li data-transition=\"random\" data-slotamount=\"7\" data-thumb=\"https:\/\/www.hotelatticochianciano.it\/wp-content\/uploads\/2017\/10\/DSC4205-320x200.jpg\"  data-saveperformance=\"off\" >\n\t\t<!-- MAIN IMAGE -->\n\t\t<img src=\"https:\/\/www.hotelatticochianciano.it\/wp-content\/uploads\/2017\/10\/DSC4205.jpg\"  alt=\"DSC4205\"  data-bgposition=\"center top\" data-bgfit=\"cover\" data-bgrepeat=\"no-repeat\">\n\t\t<!-- LAYERS -->\n\t<\/li>\n\t<!-- SLIDE  -->\n\t<li data-transition=\"random\" data-slotamount=\"7\" data-thumb=\"https:\/\/www.hotelatticochianciano.it\/wp-content\/uploads\/2017\/10\/DSC4208-320x200.jpg\"  data-saveperformance=\"off\" >\n\t\t<!-- MAIN IMAGE -->\n\t\t<img src=\"https:\/\/www.hotelatticochianciano.it\/wp-content\/uploads\/2017\/10\/DSC4208.jpg\"  alt=\"DSC4208\"  data-bgposition=\"center top\" data-bgfit=\"cover\" data-bgrepeat=\"no-repeat\">\n\t\t<!-- LAYERS -->\n\t<\/li>\n\t<!-- SLIDE  -->\n\t<li data-transition=\"random\" data-slotamount=\"7\" data-thumb=\"https:\/\/www.hotelatticochianciano.it\/wp-content\/uploads\/2017\/10\/DSC4211-320x200.jpg\"  data-saveperformance=\"off\" >\n\t\t<!-- MAIN IMAGE -->\n\t\t<img src=\"https:\/\/www.hotelatticochianciano.it\/wp-content\/uploads\/2017\/10\/DSC4211.jpg\"  alt=\"DSC4211\"  data-bgposition=\"center top\" data-bgfit=\"cover\" data-bgrepeat=\"no-repeat\">\n\t\t<!-- LAYERS -->\n\t<\/li>\n\t<!-- SLIDE  -->\n\t<li data-transition=\"random\" data-slotamount=\"7\" data-thumb=\"https:\/\/www.hotelatticochianciano.it\/wp-content\/uploads\/2017\/10\/DSC4214-320x200.jpg\"  data-saveperformance=\"off\" >\n\t\t<!-- MAIN IMAGE -->\n\t\t<img src=\"https:\/\/www.hotelatticochianciano.it\/wp-content\/uploads\/2017\/10\/DSC4214.jpg\"  alt=\"DSC4214\"  data-bgposition=\"center top\" data-bgfit=\"cover\" data-bgrepeat=\"no-repeat\">\n\t\t<!-- LAYERS -->\n\t<\/li>\n\t<!-- SLIDE  -->\n\t<li data-transition=\"random\" data-slotamount=\"7\" data-thumb=\"https:\/\/www.hotelatticochianciano.it\/wp-content\/uploads\/2017\/10\/DSC4215-320x200.jpg\"  data-saveperformance=\"off\" >\n\t\t<!-- MAIN IMAGE -->\n\t\t<img src=\"https:\/\/www.hotelatticochianciano.it\/wp-content\/uploads\/2017\/10\/DSC4215.jpg\"  alt=\"DSC4215\"  data-bgposition=\"center top\" data-bgfit=\"cover\" data-bgrepeat=\"no-repeat\">\n\t\t<!-- LAYERS -->\n\t<\/li>\n\t<!-- SLIDE  -->\n\t<li data-transition=\"random\" data-slotamount=\"7\" data-thumb=\"https:\/\/www.hotelatticochianciano.it\/wp-content\/uploads\/2017\/10\/DSC4218-320x200.jpg\"  data-saveperformance=\"off\" >\n\t\t<!-- MAIN IMAGE -->\n\t\t<img src=\"https:\/\/www.hotelatticochianciano.it\/wp-content\/uploads\/2017\/10\/DSC4218.jpg\"  alt=\"DSC4218\"  data-bgposition=\"center top\" data-bgfit=\"cover\" data-bgrepeat=\"no-repeat\">\n\t\t<!-- LAYERS -->\n\t<\/li>\n\t<!-- SLIDE  -->\n\t<li data-transition=\"random\" data-slotamount=\"7\" data-thumb=\"https:\/\/www.hotelatticochianciano.it\/wp-content\/uploads\/2017\/10\/DSC4220-320x200.jpg\"  data-saveperformance=\"off\" >\n\t\t<!-- MAIN IMAGE -->\n\t\t<img src=\"https:\/\/www.hotelatticochianciano.it\/wp-content\/uploads\/2017\/10\/DSC4220.jpg\"  alt=\"DSC4220\"  data-bgposition=\"center top\" data-bgfit=\"cover\" data-bgrepeat=\"no-repeat\">\n\t\t<!-- LAYERS -->\n\t<\/li>\n\t<!-- SLIDE  -->\n\t<li data-transition=\"random\" data-slotamount=\"7\" data-thumb=\"https:\/\/www.hotelatticochianciano.it\/wp-content\/uploads\/2017\/10\/DSC4223-320x200.jpg\"  data-saveperformance=\"off\" >\n\t\t<!-- MAIN IMAGE -->\n\t\t<img src=\"https:\/\/www.hotelatticochianciano.it\/wp-content\/uploads\/2017\/10\/DSC4223.jpg\"  alt=\"DSC4223\"  data-bgposition=\"center top\" data-bgfit=\"cover\" data-bgrepeat=\"no-repeat\">\n\t\t<!-- LAYERS -->\n\t<\/li>\n\t<!-- SLIDE  -->\n\t<li data-transition=\"random\" data-slotamount=\"7\" data-thumb=\"https:\/\/www.hotelatticochianciano.it\/wp-content\/uploads\/2017\/10\/DSC4229-320x200.jpg\"  data-saveperformance=\"off\" >\n\t\t<!-- MAIN IMAGE -->\n\t\t<img src=\"https:\/\/www.hotelatticochianciano.it\/wp-content\/uploads\/2017\/10\/DSC4229.jpg\"  alt=\"DSC4229\"  data-bgposition=\"center top\" data-bgfit=\"cover\" data-bgrepeat=\"no-repeat\">\n\t\t<!-- LAYERS -->\n\t<\/li>\n\t<!-- SLIDE  -->\n\t<li data-transition=\"random\" data-slotamount=\"7\" data-thumb=\"https:\/\/www.hotelatticochianciano.it\/wp-content\/uploads\/2017\/10\/DSC4234-320x200.jpg\"  data-saveperformance=\"off\" >\n\t\t<!-- MAIN IMAGE -->\n\t\t<img src=\"https:\/\/www.hotelatticochianciano.it\/wp-content\/uploads\/2017\/10\/DSC4234.jpg\"  alt=\"DSC4234\"  data-bgposition=\"center top\" data-bgfit=\"cover\" data-bgrepeat=\"no-repeat\">\n\t\t<!-- LAYERS -->\n\t<\/li>\n\t<!-- SLIDE  -->\n\t<li data-transition=\"random\" data-slotamount=\"7\" data-thumb=\"https:\/\/www.hotelatticochianciano.it\/wp-content\/uploads\/2017\/10\/DSC4238-320x200.jpg\"  data-saveperformance=\"off\" >\n\t\t<!-- MAIN IMAGE -->\n\t\t<img src=\"https:\/\/www.hotelatticochianciano.it\/wp-content\/uploads\/2017\/10\/DSC4238.jpg\"  alt=\"DSC4238\"  data-bgposition=\"center top\" data-bgfit=\"cover\" data-bgrepeat=\"no-repeat\">\n\t\t<!-- LAYERS -->\n\t<\/li>\n\t<!-- SLIDE  -->\n\t<li data-transition=\"random\" data-slotamount=\"7\" data-thumb=\"https:\/\/www.hotelatticochianciano.it\/wp-content\/uploads\/2017\/10\/DSC4241-320x200.jpg\"  data-saveperformance=\"off\" >\n\t\t<!-- MAIN IMAGE -->\n\t\t<img src=\"https:\/\/www.hotelatticochianciano.it\/wp-content\/uploads\/2017\/10\/DSC4241.jpg\"  alt=\"DSC4241\"  data-bgposition=\"center top\" data-bgfit=\"cover\" data-bgrepeat=\"no-repeat\">\n\t\t<!-- LAYERS -->\n\t<\/li>\n\t<!-- SLIDE  -->\n\t<li data-transition=\"random\" data-slotamount=\"7\" data-thumb=\"https:\/\/www.hotelatticochianciano.it\/wp-content\/uploads\/2017\/10\/DSC42351-320x200.jpg\"  data-saveperformance=\"off\" >\n\t\t<!-- MAIN IMAGE -->\n\t\t<img src=\"https:\/\/www.hotelatticochianciano.it\/wp-content\/uploads\/2017\/10\/DSC42351.jpg\"  alt=\"DSC42351\"  data-bgposition=\"center top\" data-bgfit=\"cover\" data-bgrepeat=\"no-repeat\">\n\t\t<!-- LAYERS -->\n\t<\/li>\n\t<!-- SLIDE  -->\n\t<li data-transition=\"random\" data-slotamount=\"7\" data-thumb=\"https:\/\/www.hotelatticochianciano.it\/wp-content\/uploads\/2017\/10\/DSC42451-320x200.jpg\"  data-saveperformance=\"off\" >\n\t\t<!-- MAIN IMAGE -->\n\t\t<img src=\"https:\/\/www.hotelatticochianciano.it\/wp-content\/uploads\/2017\/10\/DSC42451.jpg\"  alt=\"DSC42451\"  data-bgposition=\"center top\" data-bgfit=\"cover\" data-bgrepeat=\"no-repeat\">\n\t\t<!-- LAYERS -->\n\t<\/li>\n<\/ul>\n<div class=\"tp-bannertimer\"><\/div>\t<\/div>\n\t\t\t\n\n\t\t\t<style scoped><\/style>\n\n\t\t\t<script type=\"text\/javascript\">\n\n\t\t\t\t\/******************************************\n\t\t\t\t\t-\tPREPARE PLACEHOLDER FOR SLIDER\t-\n\t\t\t\t******************************************\/\n\t\t\t\t\n\n\t\t\t\tvar setREVStartSize = function() {\n\t\t\t\t\tvar\ttpopt = new Object();\n\t\t\t\t\t\ttpopt.startwidth = 1200;\n\t\t\t\t\t\ttpopt.startheight = 800;\n\t\t\t\t\t\ttpopt.container = jQuery('#rev_slider_23_1');\n\t\t\t\t\t\ttpopt.fullScreen = \"on\";\n\t\t\t\t\t\ttpopt.forceFullWidth=\"off\";\n\n\t\t\t\t\ttpopt.container.closest(\".rev_slider_wrapper\").css({height:tpopt.container.height()});tpopt.width=parseInt(tpopt.container.width(),0);tpopt.height=parseInt(tpopt.container.height(),0);tpopt.bw=tpopt.width\/tpopt.startwidth;tpopt.bh=tpopt.height\/tpopt.startheight;if(tpopt.bh>tpopt.bw)tpopt.bh=tpopt.bw;if(tpopt.bh<tpopt.bw)tpopt.bw=tpopt.bh;if(tpopt.bw<tpopt.bh)tpopt.bh=tpopt.bw;if(tpopt.bh>1){tpopt.bw=1;tpopt.bh=1}if(tpopt.bw>1){tpopt.bw=1;tpopt.bh=1}tpopt.height=Math.round(tpopt.startheight*(tpopt.width\/tpopt.startwidth));if(tpopt.height>tpopt.startheight&&tpopt.autoHeight!=\"on\")tpopt.height=tpopt.startheight;if(tpopt.fullScreen==\"on\"){tpopt.height=tpopt.bw*tpopt.startheight;var cow=tpopt.container.parent().width();var coh=jQuery(window).height();if(tpopt.fullScreenOffsetContainer!=undefined){try{var offcontainers=tpopt.fullScreenOffsetContainer.split(\",\");jQuery.each(offcontainers,function(e,t){coh=coh-jQuery(t).outerHeight(true);if(coh<tpopt.minFullScreenHeight)coh=tpopt.minFullScreenHeight})}catch(e){}}tpopt.container.parent().height(coh);tpopt.container.height(coh);tpopt.container.closest(\".rev_slider_wrapper\").height(coh);tpopt.container.closest(\".forcefullwidth_wrapper_tp_banner\").find(\".tp-fullwidth-forcer\").height(coh);tpopt.container.css({height:\"100%\"});tpopt.height=coh;}else{tpopt.container.height(tpopt.height);tpopt.container.closest(\".rev_slider_wrapper\").height(tpopt.height);tpopt.container.closest(\".forcefullwidth_wrapper_tp_banner\").find(\".tp-fullwidth-forcer\").height(tpopt.height);}\n\t\t\t\t};\n\n\t\t\t\t\/* CALL PLACEHOLDER *\/\n\t\t\t\tsetREVStartSize();\n\n\n\t\t\t\tvar tpj=jQuery;\n\t\t\t\ttpj.noConflict();\n\t\t\t\tvar revapi23;\n\n\t\t\t\ttpj(document).ready(function() {\n\n\t\t\t\tif(tpj('#rev_slider_23_1').revolution == undefined){\n\t\t\t\t\trevslider_showDoubleJqueryError('#rev_slider_23_1');\n\t\t\t\t}else{\n\t\t\t\t   revapi23 = tpj('#rev_slider_23_1').show().revolution(\n\t\t\t\t\t{\t\n\t\t\t\t\t\t\t\t\t\t\t\tdottedOverlay:\"none\",\n\t\t\t\t\t\tdelay:5000,\n\t\t\t\t\t\tstartwidth:1200,\n\t\t\t\t\t\tstartheight:800,\n\t\t\t\t\t\thideThumbs:0,\n\n\t\t\t\t\t\tthumbWidth:190,\n\t\t\t\t\t\tthumbHeight:110,\n\t\t\t\t\t\tthumbAmount:10,\n\t\t\t\t\t\t\n\t\t\t\t\t\t\t\t\t\t\t\t\n\t\t\t\t\t\tsimplifyAll:\"off\",\n\n\t\t\t\t\t\tnavigationType:\"thumb\",\n\t\t\t\t\t\tnavigationArrows:\"none\",\n\t\t\t\t\t\tnavigationStyle:\"round\",\n\n\t\t\t\t\t\ttouchenabled:\"on\",\n\t\t\t\t\t\tonHoverStop:\"off\",\n\t\t\t\t\t\tnextSlideOnWindowFocus:\"off\",\n\n\t\t\t\t\t\tswipe_threshold: 75,\n\t\t\t\t\t\tswipe_min_touches: 1,\n\t\t\t\t\t\tdrag_block_vertical: false,\n\t\t\t\t\t\t\n\t\t\t\t\t\t\t\t\t\t\t\t\n\t\t\t\t\t\t\t\t\t\t\t\t\n\t\t\t\t\t\tkeyboardNavigation:\"off\",\n\n\t\t\t\t\t\tnavigationHAlign:\"center\",\n\t\t\t\t\t\tnavigationVAlign:\"bottom\",\n\t\t\t\t\t\tnavigationHOffset:0,\n\t\t\t\t\t\tnavigationVOffset:20,\n\n\t\t\t\t\t\tsoloArrowLeftHalign:\"left\",\n\t\t\t\t\t\tsoloArrowLeftValign:\"center\",\n\t\t\t\t\t\tsoloArrowLeftHOffset:20,\n\t\t\t\t\t\tsoloArrowLeftVOffset:0,\n\n\t\t\t\t\t\tsoloArrowRightHalign:\"right\",\n\t\t\t\t\t\tsoloArrowRightValign:\"center\",\n\t\t\t\t\t\tsoloArrowRightHOffset:20,\n\t\t\t\t\t\tsoloArrowRightVOffset:0,\n\n\t\t\t\t\t\tshadow:0,\n\t\t\t\t\t\tfullWidth:\"off\",\n\t\t\t\t\t\tfullScreen:\"on\",\n\n\t\t\t\t\t\t\t\t\t\t\t\tspinner:\"spinner0\",\n\t\t\t\t\t\t\t\t\t\t\t\t\n\t\t\t\t\t\tstopLoop:\"off\",\n\t\t\t\t\t\tstopAfterLoops:-1,\n\t\t\t\t\t\tstopAtSlide:-1,\n\n\t\t\t\t\t\tshuffle:\"off\",\n\n\t\t\t\t\t\t\n\t\t\t\t\t\tforceFullWidth:\"off\",\n\t\t\t\t\t\tfullScreenAlignForce:\"on\",\n\t\t\t\t\t\tminFullScreenHeight:\"\",\n\t\t\t\t\t\t\n\t\t\t\t\t\thideThumbsOnMobile:\"off\",\n\t\t\t\t\t\thideNavDelayOnMobile:1500,\n\t\t\t\t\t\thideBulletsOnMobile:\"off\",\n\t\t\t\t\t\thideArrowsOnMobile:\"off\",\n\t\t\t\t\t\thideThumbsUnderResolution:0,\n\n\t\t\t\t\t\t\t\t\t\t\t\tfullScreenOffsetContainer: \".md-header\",\n\t\t\t\t\t\tfullScreenOffset: \"\",\n\t\t\t\t\t\t\t\t\t\t\t\thideSliderAtLimit:0,\n\t\t\t\t\t\thideCaptionAtLimit:0,\n\t\t\t\t\t\thideAllCaptionAtLilmit:0,\n\t\t\t\t\t\tstartWithSlide:0\t\t\t\t\t});\n\n\n\n\t\t\t\t\t\t\t\t\t}\n\t\t\t\t});\t\/*ready*\/\n\n\t\t\t<\/script>\n\n\n\t\t\t<\/div><!-- END REVOLUTION SLIDER -->\n","protected":false},"excerpt":{"rendered":"","protected":false},"author":1,"featured_media":0,"parent":0,"menu_order":0,"comment_status":"open","ping_status":"closed","template":"silder.php","meta":{"_expiration-date-status":"","_expiration-date":0,"_expiration-date-type":"","_expiration-date-categories":[],"_expiration-date-options":[]},"yoast_head":"<!-- This site is optimized with the Yoast SEO plugin v19.11 - https:\/\/yoast.com\/wordpress\/plugins\/seo\/ -->\n<title>Foto Hotel Chianciano Terme<\/title>\n<meta name=\"description\" content=\"Photo Hotel Chianciano Terme Hotel Penthouse, befindet sich im Zentrum von Chianciano Terme, von der M\u00f6glichkeit, in der Lage, in die Mitte, wo es zahlreiche Gesch\u00e4fte Restaurants zu gehen, hat sich mit verschiedenen Dienstleistungen und Transportm\u00f6glichkeiten, Fahrradverleih ausgestattet. Das Hotel hat eine helle Lobby wundersch\u00f6n eingerichtet, springen 60-Zoll-TV-Bildschirm.\" \/>\n<meta name=\"robots\" content=\"index, follow, max-snippet:-1, max-image-preview:large, max-video-preview:-1\" \/>\n<link rel=\"canonical\" href=\"https:\/\/www.hotelatticochianciano.it\/de\/foto-hotel-chianciano-terme-2\/\" \/>\n<meta property=\"og:locale\" content=\"de_DE\" \/>\n<meta property=\"og:type\" content=\"article\" \/>\n<meta property=\"og:title\" content=\"Foto Hotel Chianciano Terme\" \/>\n<meta property=\"og:description\" content=\"Photo Hotel Chianciano Terme Hotel Penthouse, befindet sich im Zentrum von Chianciano Terme, von der M\u00f6glichkeit, in der Lage, in die Mitte, wo es zahlreiche Gesch\u00e4fte Restaurants zu gehen, hat sich mit verschiedenen Dienstleistungen und Transportm\u00f6glichkeiten, Fahrradverleih ausgestattet. Das Hotel hat eine helle Lobby wundersch\u00f6n eingerichtet, springen 60-Zoll-TV-Bildschirm.\" \/>\n<meta property=\"og:url\" content=\"https:\/\/www.hotelatticochianciano.it\/de\/foto-hotel-chianciano-terme-2\/\" \/>\n<meta property=\"og:site_name\" content=\"Hotel Attico\" \/>\n<meta property=\"article:modified_time\" content=\"2015-06-07T18:57:36+00:00\" \/>\n<script type=\"application\/ld+json\" class=\"yoast-schema-graph\">{\"@context\":\"https:\/\/schema.org\",\"@graph\":[{\"@type\":\"WebPage\",\"@id\":\"https:\/\/www.hotelatticochianciano.it\/de\/foto-hotel-chianciano-terme-2\/\",\"url\":\"https:\/\/www.hotelatticochianciano.it\/de\/foto-hotel-chianciano-terme-2\/\",\"name\":\"Foto Hotel Chianciano Terme\",\"isPartOf\":{\"@id\":\"https:\/\/www.hotelatticochianciano.it\/#website\"},\"datePublished\":\"2015-06-02T17:58:58+00:00\",\"dateModified\":\"2015-06-07T18:57:36+00:00\",\"description\":\"Photo Hotel Chianciano Terme Hotel Penthouse, befindet sich im Zentrum von Chianciano Terme, von der M\u00f6glichkeit, in der Lage, in die Mitte, wo es zahlreiche Gesch\u00e4fte Restaurants zu gehen, hat sich mit verschiedenen Dienstleistungen und Transportm\u00f6glichkeiten, Fahrradverleih ausgestattet. Das Hotel hat eine helle Lobby wundersch\u00f6n eingerichtet, springen 60-Zoll-TV-Bildschirm.\",\"breadcrumb\":{\"@id\":\"https:\/\/www.hotelatticochianciano.it\/de\/foto-hotel-chianciano-terme-2\/#breadcrumb\"},\"inLanguage\":\"de\",\"potentialAction\":[{\"@type\":\"ReadAction\",\"target\":[\"https:\/\/www.hotelatticochianciano.it\/de\/foto-hotel-chianciano-terme-2\/\"]}]},{\"@type\":\"BreadcrumbList\",\"@id\":\"https:\/\/www.hotelatticochianciano.it\/de\/foto-hotel-chianciano-terme-2\/#breadcrumb\",\"itemListElement\":[{\"@type\":\"ListItem\",\"position\":1,\"name\":\"Home\",\"item\":\"https:\/\/www.hotelatticochianciano.it\/de\/\"},{\"@type\":\"ListItem\",\"position\":2,\"name\":\"Foto\"}]},{\"@type\":\"WebSite\",\"@id\":\"https:\/\/www.hotelatticochianciano.it\/#website\",\"url\":\"https:\/\/www.hotelatticochianciano.it\/\",\"name\":\"Hotel Attico\",\"description\":\"Hotel a Chianciano Terme\",\"potentialAction\":[{\"@type\":\"SearchAction\",\"target\":{\"@type\":\"EntryPoint\",\"urlTemplate\":\"https:\/\/www.hotelatticochianciano.it\/?s={search_term_string}\"},\"query-input\":\"required name=search_term_string\"}],\"inLanguage\":\"de\"}]}<\/script>\n<!-- \/ Yoast SEO plugin. -->","yoast_head_json":{"title":"Foto Hotel Chianciano Terme","description":"Photo Hotel Chianciano Terme Hotel Penthouse, befindet sich im Zentrum von Chianciano Terme, von der M\u00f6glichkeit, in der Lage, in die Mitte, wo es zahlreiche Gesch\u00e4fte Restaurants zu gehen, hat sich mit verschiedenen Dienstleistungen und Transportm\u00f6glichkeiten, Fahrradverleih ausgestattet. Das Hotel hat eine helle Lobby wundersch\u00f6n eingerichtet, springen 60-Zoll-TV-Bildschirm.","robots":{"index":"index","follow":"follow","max-snippet":"max-snippet:-1","max-image-preview":"max-image-preview:large","max-video-preview":"max-video-preview:-1"},"canonical":"https:\/\/www.hotelatticochianciano.it\/de\/foto-hotel-chianciano-terme-2\/","og_locale":"de_DE","og_type":"article","og_title":"Foto Hotel Chianciano Terme","og_description":"Photo Hotel Chianciano Terme Hotel Penthouse, befindet sich im Zentrum von Chianciano Terme, von der M\u00f6glichkeit, in der Lage, in die Mitte, wo es zahlreiche Gesch\u00e4fte Restaurants zu gehen, hat sich mit verschiedenen Dienstleistungen und Transportm\u00f6glichkeiten, Fahrradverleih ausgestattet. Das Hotel hat eine helle Lobby wundersch\u00f6n eingerichtet, springen 60-Zoll-TV-Bildschirm.","og_url":"https:\/\/www.hotelatticochianciano.it\/de\/foto-hotel-chianciano-terme-2\/","og_site_name":"Hotel Attico","article_modified_time":"2015-06-07T18:57:36+00:00","schema":{"@context":"https:\/\/schema.org","@graph":[{"@type":"WebPage","@id":"https:\/\/www.hotelatticochianciano.it\/de\/foto-hotel-chianciano-terme-2\/","url":"https:\/\/www.hotelatticochianciano.it\/de\/foto-hotel-chianciano-terme-2\/","name":"Foto Hotel Chianciano Terme","isPartOf":{"@id":"https:\/\/www.hotelatticochianciano.it\/#website"},"datePublished":"2015-06-02T17:58:58+00:00","dateModified":"2015-06-07T18:57:36+00:00","description":"Photo Hotel Chianciano Terme Hotel Penthouse, befindet sich im Zentrum von Chianciano Terme, von der M\u00f6glichkeit, in der Lage, in die Mitte, wo es zahlreiche Gesch\u00e4fte Restaurants zu gehen, hat sich mit verschiedenen Dienstleistungen und Transportm\u00f6glichkeiten, Fahrradverleih ausgestattet. Das Hotel hat eine helle Lobby wundersch\u00f6n eingerichtet, springen 60-Zoll-TV-Bildschirm.","breadcrumb":{"@id":"https:\/\/www.hotelatticochianciano.it\/de\/foto-hotel-chianciano-terme-2\/#breadcrumb"},"inLanguage":"de","potentialAction":[{"@type":"ReadAction","target":["https:\/\/www.hotelatticochianciano.it\/de\/foto-hotel-chianciano-terme-2\/"]}]},{"@type":"BreadcrumbList","@id":"https:\/\/www.hotelatticochianciano.it\/de\/foto-hotel-chianciano-terme-2\/#breadcrumb","itemListElement":[{"@type":"ListItem","position":1,"name":"Home","item":"https:\/\/www.hotelatticochianciano.it\/de\/"},{"@type":"ListItem","position":2,"name":"Foto"}]},{"@type":"WebSite","@id":"https:\/\/www.hotelatticochianciano.it\/#website","url":"https:\/\/www.hotelatticochianciano.it\/","name":"Hotel Attico","description":"Hotel a Chianciano Terme","potentialAction":[{"@type":"SearchAction","target":{"@type":"EntryPoint","urlTemplate":"https:\/\/www.hotelatticochianciano.it\/?s={search_term_string}"},"query-input":"required name=search_term_string"}],"inLanguage":"de"}]}},"_links":{"self":[{"href":"https:\/\/www.hotelatticochianciano.it\/de\/wp-json\/wp\/v2\/pages\/945"}],"collection":[{"href":"https:\/\/www.hotelatticochianciano.it\/de\/wp-json\/wp\/v2\/pages"}],"about":[{"href":"https:\/\/www.hotelatticochianciano.it\/de\/wp-json\/wp\/v2\/types\/page"}],"author":[{"embeddable":true,"href":"https:\/\/www.hotelatticochianciano.it\/de\/wp-json\/wp\/v2\/users\/1"}],"replies":[{"embeddable":true,"href":"https:\/\/www.hotelatticochianciano.it\/de\/wp-json\/wp\/v2\/comments?post=945"}],"version-history":[{"count":0,"href":"https:\/\/www.hotelatticochianciano.it\/de\/wp-json\/wp\/v2\/pages\/945\/revisions"}],"wp:attachment":[{"href":"https:\/\/www.hotelatticochianciano.it\/de\/wp-json\/wp\/v2\/media?parent=945"}],"curies":[{"name":"wp","href":"https:\/\/api.w.org\/{rel}","templated":true}]}}