{"id":932,"date":"2015-05-26T15:48:31","date_gmt":"2015-05-26T15:48:31","guid":{"rendered":"http:\/\/www.hotelatticochianciano.it\/?page_id=932"},"modified":"2015-06-07T18:58:23","modified_gmt":"2015-06-07T18:58:23","slug":"hotel-chianciano-terme-2","status":"publish","type":"page","link":"https:\/\/www.hotelatticochianciano.it\/de\/","title":{"rendered":"Home"},"content":{"rendered":"","protected":false},"excerpt":{"rendered":"","protected":false},"author":1,"featured_media":0,"parent":0,"menu_order":0,"comment_status":"closed","ping_status":"closed","template":"home-page.php","meta":{"_expiration-date-status":"","_expiration-date":0,"_expiration-date-type":"","_expiration-date-categories":[],"_expiration-date-options":[]},"yoast_head":"<!-- This site is optimized with the Yoast SEO plugin v19.11 - https:\/\/yoast.com\/wordpress\/plugins\/seo\/ -->\n<title>Hotel Chianciano Terme: Hotel Attico Chianciano<\/title>\n<meta name=\"description\" content=\"Hotel Attico, befindet sich im Zentrum von Chianciano Terme, von der M\u00f6glichkeit, in der Lage, in die Mitte, wo es zahlreiche Gesch\u00e4fte Restaurants zu gehen, hat sich mit verschiedenen Dienstleistungen und Transportm\u00f6glichkeiten, Fahrradverleih ausgestattet. Das Hotel hat eine helle Lobby wundersch\u00f6n eingerichtet, springen 60-Zoll-TV-Bildschirm.\" \/>\n<meta name=\"robots\" content=\"index, follow, max-snippet:-1, max-image-preview:large, max-video-preview:-1\" \/>\n<link rel=\"canonical\" href=\"https:\/\/www.hotelatticochianciano.it\/de\/\" \/>\n<meta property=\"og:locale\" content=\"de_DE\" \/>\n<meta property=\"og:type\" content=\"article\" \/>\n<meta property=\"og:title\" content=\"Hotel Chianciano Terme: Hotel Attico Chianciano\" \/>\n<meta property=\"og:description\" content=\"Hotel Attico, befindet sich im Zentrum von Chianciano Terme, von der M\u00f6glichkeit, in der Lage, in die Mitte, wo es zahlreiche Gesch\u00e4fte Restaurants zu gehen, hat sich mit verschiedenen Dienstleistungen und Transportm\u00f6glichkeiten, Fahrradverleih ausgestattet. Das Hotel hat eine helle Lobby wundersch\u00f6n eingerichtet, springen 60-Zoll-TV-Bildschirm.\" \/>\n<meta property=\"og:url\" content=\"https:\/\/www.hotelatticochianciano.it\/de\/\" \/>\n<meta property=\"og:site_name\" content=\"Hotel Attico\" \/>\n<meta property=\"article:modified_time\" content=\"2015-06-07T18:58:23+00:00\" \/>\n<script type=\"application\/ld+json\" class=\"yoast-schema-graph\">{\"@context\":\"https:\/\/schema.org\",\"@graph\":[{\"@type\":\"WebPage\",\"@id\":\"https:\/\/www.hotelatticochianciano.it\/de\/\",\"url\":\"https:\/\/www.hotelatticochianciano.it\/de\/\",\"name\":\"Hotel Chianciano Terme: Hotel Attico Chianciano\",\"isPartOf\":{\"@id\":\"https:\/\/www.hotelatticochianciano.it\/#website\"},\"datePublished\":\"2015-05-26T15:48:31+00:00\",\"dateModified\":\"2015-06-07T18:58:23+00:00\",\"description\":\"Hotel Attico, befindet sich im Zentrum von Chianciano Terme, von der M\u00f6glichkeit, in der Lage, in die Mitte, wo es zahlreiche Gesch\u00e4fte Restaurants zu gehen, hat sich mit verschiedenen Dienstleistungen und Transportm\u00f6glichkeiten, Fahrradverleih ausgestattet. Das Hotel hat eine helle Lobby wundersch\u00f6n eingerichtet, springen 60-Zoll-TV-Bildschirm.\",\"breadcrumb\":{\"@id\":\"https:\/\/www.hotelatticochianciano.it\/de\/#breadcrumb\"},\"inLanguage\":\"de\",\"potentialAction\":[{\"@type\":\"ReadAction\",\"target\":[\"https:\/\/www.hotelatticochianciano.it\/de\/\"]}]},{\"@type\":\"BreadcrumbList\",\"@id\":\"https:\/\/www.hotelatticochianciano.it\/de\/#breadcrumb\",\"itemListElement\":[{\"@type\":\"ListItem\",\"position\":1,\"name\":\"Home\",\"item\":\"https:\/\/www.hotelatticochianciano.it\/de\/\"},{\"@type\":\"ListItem\",\"position\":2,\"name\":\"Home\"}]},{\"@type\":\"WebSite\",\"@id\":\"https:\/\/www.hotelatticochianciano.it\/#website\",\"url\":\"https:\/\/www.hotelatticochianciano.it\/\",\"name\":\"Hotel Attico\",\"description\":\"Hotel a Chianciano Terme\",\"potentialAction\":[{\"@type\":\"SearchAction\",\"target\":{\"@type\":\"EntryPoint\",\"urlTemplate\":\"https:\/\/www.hotelatticochianciano.it\/?s={search_term_string}\"},\"query-input\":\"required name=search_term_string\"}],\"inLanguage\":\"de\"}]}<\/script>\n<!-- \/ Yoast SEO plugin. -->","yoast_head_json":{"title":"Hotel Chianciano Terme: Hotel Attico Chianciano","description":"Hotel Attico, befindet sich im Zentrum von Chianciano Terme, von der M\u00f6glichkeit, in der Lage, in die Mitte, wo es zahlreiche Gesch\u00e4fte Restaurants zu gehen, hat sich mit verschiedenen Dienstleistungen und Transportm\u00f6glichkeiten, Fahrradverleih ausgestattet. Das Hotel hat eine helle Lobby wundersch\u00f6n eingerichtet, springen 60-Zoll-TV-Bildschirm.","robots":{"index":"index","follow":"follow","max-snippet":"max-snippet:-1","max-image-preview":"max-image-preview:large","max-video-preview":"max-video-preview:-1"},"canonical":"https:\/\/www.hotelatticochianciano.it\/de\/","og_locale":"de_DE","og_type":"article","og_title":"Hotel Chianciano Terme: Hotel Attico Chianciano","og_description":"Hotel Attico, befindet sich im Zentrum von Chianciano Terme, von der M\u00f6glichkeit, in der Lage, in die Mitte, wo es zahlreiche Gesch\u00e4fte Restaurants zu gehen, hat sich mit verschiedenen Dienstleistungen und Transportm\u00f6glichkeiten, Fahrradverleih ausgestattet. Das Hotel hat eine helle Lobby wundersch\u00f6n eingerichtet, springen 60-Zoll-TV-Bildschirm.","og_url":"https:\/\/www.hotelatticochianciano.it\/de\/","og_site_name":"Hotel Attico","article_modified_time":"2015-06-07T18:58:23+00:00","schema":{"@context":"https:\/\/schema.org","@graph":[{"@type":"WebPage","@id":"https:\/\/www.hotelatticochianciano.it\/de\/","url":"https:\/\/www.hotelatticochianciano.it\/de\/","name":"Hotel Chianciano Terme: Hotel Attico Chianciano","isPartOf":{"@id":"https:\/\/www.hotelatticochianciano.it\/#website"},"datePublished":"2015-05-26T15:48:31+00:00","dateModified":"2015-06-07T18:58:23+00:00","description":"Hotel Attico, befindet sich im Zentrum von Chianciano Terme, von der M\u00f6glichkeit, in der Lage, in die Mitte, wo es zahlreiche Gesch\u00e4fte Restaurants zu gehen, hat sich mit verschiedenen Dienstleistungen und Transportm\u00f6glichkeiten, Fahrradverleih ausgestattet. Das Hotel hat eine helle Lobby wundersch\u00f6n eingerichtet, springen 60-Zoll-TV-Bildschirm.","breadcrumb":{"@id":"https:\/\/www.hotelatticochianciano.it\/de\/#breadcrumb"},"inLanguage":"de","potentialAction":[{"@type":"ReadAction","target":["https:\/\/www.hotelatticochianciano.it\/de\/"]}]},{"@type":"BreadcrumbList","@id":"https:\/\/www.hotelatticochianciano.it\/de\/#breadcrumb","itemListElement":[{"@type":"ListItem","position":1,"name":"Home","item":"https:\/\/www.hotelatticochianciano.it\/de\/"},{"@type":"ListItem","position":2,"name":"Home"}]},{"@type":"WebSite","@id":"https:\/\/www.hotelatticochianciano.it\/#website","url":"https:\/\/www.hotelatticochianciano.it\/","name":"Hotel Attico","description":"Hotel a Chianciano Terme","potentialAction":[{"@type":"SearchAction","target":{"@type":"EntryPoint","urlTemplate":"https:\/\/www.hotelatticochianciano.it\/?s={search_term_string}"},"query-input":"required name=search_term_string"}],"inLanguage":"de"}]}},"_links":{"self":[{"href":"https:\/\/www.hotelatticochianciano.it\/de\/wp-json\/wp\/v2\/pages\/932"}],"collection":[{"href":"https:\/\/www.hotelatticochianciano.it\/de\/wp-json\/wp\/v2\/pages"}],"about":[{"href":"https:\/\/www.hotelatticochianciano.it\/de\/wp-json\/wp\/v2\/types\/page"}],"author":[{"embeddable":true,"href":"https:\/\/www.hotelatticochianciano.it\/de\/wp-json\/wp\/v2\/users\/1"}],"replies":[{"embeddable":true,"href":"https:\/\/www.hotelatticochianciano.it\/de\/wp-json\/wp\/v2\/comments?post=932"}],"version-history":[{"count":0,"href":"https:\/\/www.hotelatticochianciano.it\/de\/wp-json\/wp\/v2\/pages\/932\/revisions"}],"wp:attachment":[{"href":"https:\/\/www.hotelatticochianciano.it\/de\/wp-json\/wp\/v2\/media?parent=932"}],"curies":[{"name":"wp","href":"https:\/\/api.w.org\/{rel}","templated":true}]}}